{"id":16,"date":"2016-01-07T20:32:39","date_gmt":"2016-01-07T20:32:39","guid":{"rendered":"http:\/\/www.symbiose.li\/wpsymbiose\/?page_id=16"},"modified":"2016-02-17T17:38:27","modified_gmt":"2016-02-17T16:38:27","slug":"uber-uns","status":"publish","type":"page","link":"https:\/\/symbiose.li\/wpsymbiose\/?page_id=16","title":{"rendered":"\u00dcber uns"},"content":{"rendered":"<blockquote><p>Die Symbiose Gemeinschaft setzt sich f\u00fcr eine verbundene und zukunftsf\u00e4hige Gesellschaft im Rheintal und dar\u00fcber hinaus ein.<\/p><\/blockquote>\n<div class=\"itemFullText\">\n<div id=\"leo-mainwrap\" class=\"clearfix leo-layoutitem\">\n<div id=\"leo-content\">\n<div id=\"leo-content-inner\">\n<div id=\"leo-maincontent\" class=\"clearfix\">\n<div id=\"leo-maincontent-inner\">\n<div id=\"system-message-container\"><a href=\"https:\/\/symbiose.li\/wpsymbiose\/wp-content\/uploads\/2016\/01\/Statuten-Symbiose-Gemeinschaft-2013-06-27.pdf\" rel=\"\">Statuten Symbiose Gemeinschaft<\/a><\/div>\n<div><\/div>\n<p>Handelsregister Registriernummer: FL-0002.308.556-8<\/p>\n<div id=\"k2Container\" class=\"itemView\">\n<div class=\"itemHeader\"><\/div>\n<div class=\"itemBody\">\n<div class=\"itemFullText\">\n<p>Die Symbiose Gemeinschaft richtet sich an Menschen oder an Gruppen von Menschen, die zusammen das Ziel haben, einen Beitrag zu einer zukunftsf\u00e4higen Gesellschaft zu leisten. Die Symbiose Gemeinschaft ist ein Gef\u00e4ss, in dem Worte und Ideen in Taten umgesetzt werden. Bei Interesse melde dich bei uns <span id=\"cloak25403\"><a href=\"mailto:gemeinschaft@symbiose.li\" target=\"_blank\">gemeinschaft@symbiose.li<\/a><\/span>.<\/p>\n<p>&nbsp;<\/p>\n<\/div>\n<\/div>\n<\/div>\n<\/div>\n<\/div>\n<\/div>\n<\/div>\n<\/div>\n<h4>Vision<\/h4>\n<p>Eine verbundene und zukunftsf\u00e4hige Gesellschaft im Rheintal ist die Vision der Symbiose Gemeinschaft.<\/p>\n<h4>Mission<\/h4>\n<p>Der Verein hat zwei Schwerpunkte:<\/p>\n<p>1) Veranstaltungen organisieren, welche das Bewusstsein erweitern, die Lust an Ver\u00e4nderungen wecken und zum Tun anregen;<br \/>\n2) Projekte umsetzen, die eine zukunftsf\u00e4hige Gesellschaft f\u00f6rdern.<\/p>\n<p>Wir stiften Nachhaltigkeit und bef\u00e4higen Menschen dazu, Ver\u00e4nderungen in Richtung Nachhaltigkeit einzuleiten und durchzuf\u00fchren. Damit kann jeder einen Beitrag zu einer verbundenen und zukunftsf\u00e4higen Gesellschaft leisten.<\/p>\n<p>Wir stellen daf\u00fcr den Verein als Gef\u00e4ss f\u00fcr Engagement zur Verf\u00fcgung und bieten:<\/p>\n<p>&#8211; unserere Infrastruktur<\/p>\n<p>&#8211; Unterst\u00fctzung bei der Konzeptausarbeitung<\/p>\n<p>&#8211; Coaching beim Durchf\u00fchren von Projekten<\/p>\n<p>&#8211; Anpacken und bei der direkten Durchf\u00fchrung unterst\u00fctzen<\/p>\n<p>Dar\u00fcber hinaus verbindet die Symbiose Gemeinschaft Leute, um miteinander eine zukunftsf\u00e4hige Gemeinschaft zu schaffen, die vom gemeinsamen Wissen und von gemeinsamen F\u00e4higkeiten profitieren. Daf\u00fcr verwenden wir Moderationstechniken und Methoden f\u00fcr Dialoge, inspiriert durch die &#171;Art of Hosting &#8211; Community of Practice&#187;. Symbiose bef\u00e4higt Menschen, die Ver\u00e4nderungen vorantreiben wollen.<\/p>\n<\/div>\n<h4>Was bedeutet zukunftsf\u00e4hig?<\/h4>\n<p>Heute wird Zukunftsf\u00e4higkeit normalerweise folgendermassen gelehrt:<\/p>\n<p><img loading=\"lazy\" decoding=\"async\" class=\"alignright\" src=\"https:\/\/web.archive.org\/web\/20131207045928im_\/http:\/\/symbiose.li\/gemeinschaft\/images\/legende.png\" alt=\"\" width=\"199\" height=\"147\" border=\"0\" \/><\/p>\n<p><img loading=\"lazy\" decoding=\"async\" class=\"alignnone\" src=\"https:\/\/web.archive.org\/web\/20131207045928im_\/http:\/\/symbiose.li\/gemeinschaft\/images\/stufe1.png\" alt=\"\" width=\"201\" height=\"170\" border=\"0\" \/><\/p>\n<p>Die Systeme \u00d6konomie, Gesellschaft und \u00d6kologie sind gleichbedeutend, gr\u00f6sstenteils voneinander getrennt und werden gleich behandelt. Der zukunftsf\u00e4hige Handlungsspielraum setzt sich aus den drei Schnittpunkten zusammen.<\/p>\n<p>&nbsp;<\/p>\n<p>Wie dieses Modell in unserer Gesellschaft gelebt wird:<\/p>\n<p><img loading=\"lazy\" decoding=\"async\" class=\"alignnone\" src=\"https:\/\/web.archive.org\/web\/20131207045928im_\/http:\/\/symbiose.li\/gemeinschaft\/images\/stufe2.png\" alt=\"\" width=\"186\" height=\"195\" border=\"0\" \/><\/p>\n<p>Die \u00d6konomie wird als treibende Kraft in unserem Leben dargestellt, weswegen der politische und gesellschaftliche Fokus darauf gerichtet ist. Zukunftsf\u00e4hig ist, was uns gl\u00fccklich macht und uns ein Leben als Konsumenten erm\u00f6glicht. Dies liegt im Auge des Betrachters und kann demensprechend individuell definiert werden (weisser Kreis ist frei gew\u00e4hlt). Die verschiedenen Systeme werden oft getrennt voneinander und unabh\u00e4ngig wahrgenommen.<\/p>\n<p>Wie die Realit\u00e4t aussieht:<\/p>\n<p><img loading=\"lazy\" decoding=\"async\" class=\"alignnone\" src=\"https:\/\/web.archive.org\/web\/20131207045928im_\/http:\/\/symbiose.li\/gemeinschaft\/images\/stufe3.png\" alt=\"\" width=\"177\" height=\"177\" border=\"0\" \/><\/p>\n<p>Alles ist verbunden. Unsere Lebensgrundlage basiert auf \u00d6kosystemen. Vieles, was wir zum Leben brauchen, nehmen wir aus solchen Kreisl\u00e4ufen. Innerhalb dieses \u00d6kosystems haben sich die Menschen soziale Systeme aufgebaut, welches die Verbindungen der Menschen untereinander aufzeigt. Erst aufgrund der Vorarbeit in diesen beiden Systemen hat sich das Wirtschaftssystem entwickelt. Dieses dient dazu, dass alle ihren Beitrag an eine funktionierende Gesellschaft leisten k\u00f6nnen. Der Einzelne muss sich nicht mehr v\u00f6llig selbst versorgen, sondern kann durch gegenseitigen Austausch sowohl sein Gegen\u00fcber unterst\u00fctzen als auch sein pers\u00f6nliches Leben erf\u00fcllender gestalten. Zukunftsf\u00e4hig sind wir erst dann, wenn ein Wechsel im Bewusstsein zu dem zuletzt erw\u00e4hnten Modell stattfindet und auch danach gehandelt wird.<\/p>\n","protected":false},"excerpt":{"rendered":"<p>Die Symbiose Gemeinschaft setzt sich f\u00fcr eine verbundene und zukunftsf\u00e4hige Gesellschaft im Rheintal und dar\u00fcber hinaus ein. Statuten Symbiose Gemeinschaft Handelsregister Registriernummer: FL-0002.308.556-8 Die Symbiose Gemeinschaft richtet sich an Menschen oder an Gruppen von Menschen, die zusammen das Ziel haben,&#8230; <a class=\"more-link\" href=\"https:\/\/symbiose.li\/wpsymbiose\/?page_id=16\">Weiterlesen &rarr;<\/a><\/p>\n","protected":false},"author":2,"featured_media":79,"parent":0,"menu_order":0,"comment_status":"closed","ping_status":"closed","template":"template-fullwidth.php","meta":{"footnotes":""},"class_list":["post-16","page","type-page","status-publish","has-post-thumbnail","hentry"],"_links":{"self":[{"href":"https:\/\/symbiose.li\/wpsymbiose\/index.php?rest_route=\/wp\/v2\/pages\/16","targetHints":{"allow":["GET"]}}],"collection":[{"href":"https:\/\/symbiose.li\/wpsymbiose\/index.php?rest_route=\/wp\/v2\/pages"}],"about":[{"href":"https:\/\/symbiose.li\/wpsymbiose\/index.php?rest_route=\/wp\/v2\/types\/page"}],"author":[{"embeddable":true,"href":"https:\/\/symbiose.li\/wpsymbiose\/index.php?rest_route=\/wp\/v2\/users\/2"}],"replies":[{"embeddable":true,"href":"https:\/\/symbiose.li\/wpsymbiose\/index.php?rest_route=%2Fwp%2Fv2%2Fcomments&post=16"}],"version-history":[{"count":11,"href":"https:\/\/symbiose.li\/wpsymbiose\/index.php?rest_route=\/wp\/v2\/pages\/16\/revisions"}],"predecessor-version":[{"id":138,"href":"https:\/\/symbiose.li\/wpsymbiose\/index.php?rest_route=\/wp\/v2\/pages\/16\/revisions\/138"}],"wp:featuredmedia":[{"embeddable":true,"href":"https:\/\/symbiose.li\/wpsymbiose\/index.php?rest_route=\/wp\/v2\/media\/79"}],"wp:attachment":[{"href":"https:\/\/symbiose.li\/wpsymbiose\/index.php?rest_route=%2Fwp%2Fv2%2Fmedia&parent=16"}],"curies":[{"name":"wp","href":"https:\/\/api.w.org\/{rel}","templated":true}]}}